{"id":102,"date":"2018-05-24T18:44:48","date_gmt":"2018-05-24T17:44:48","guid":{"rendered":"http:\/\/woltec.eu\/?page_id=102"},"modified":"2025-01-06T12:51:54","modified_gmt":"2025-01-06T11:51:54","slug":"allgemeine-geschaeftsbedingungen","status":"publish","type":"page","link":"http:\/\/woltec.eu\/?page_id=102","title":{"rendered":"Allgemeine Gesch\u00e4ftsbedingungen"},"content":{"rendered":"<p>Allgemeine Gesch\u00e4ftsbedingungen der<br \/>\nWoltec Mersmann Oberfl\u00e4chentechnik GmbH<\/p>\n<p>06.01.2025<\/p>\n<p>\u00a7 1 Allgemeines<br \/>\n1. Unsere Gesch\u00e4ftsbedingungen gelten f\u00fcr alle gegenw\u00e4rtigen<br \/>\nund zuk\u00fcnftigen Gesch\u00e4ftsbeziehungen, auch wenn sie nicht<br \/>\nnochmals ausdr\u00fccklich vereinbart worden sind.<br \/>\n2. Unsere Gesch\u00e4ftsbedingungen gelten ausschlie\u00dflich.<br \/>\nAbweichungen von unseren Gesch\u00e4ftsbedingungen werden,<br \/>\nselbst bei Kenntnis, nur dann Vertragsgegenstand, wenn diese<br \/>\nabweichenden Gesch\u00e4ftsbedingungen schriftlich von uns<br \/>\nanerkannt und best\u00e4tigt wurden. Im \u00dcbrigen verpflichten uns<br \/>\nabweichende Gesch\u00e4ftsbedingungen von Vertragspartnern<br \/>\nnicht.<br \/>\n3. Verbraucher i. S. d. Gesch\u00e4ftsbedingungen sind nat\u00fcrliche<br \/>\nPersonen, mit denen in Gesch\u00e4ftsbeziehungen getreten wird,<br \/>\nohne das diesen eine gewerbliche oder selbstst\u00e4ndige T\u00e4tigkeit<br \/>\nzugerechnet werden kann.<br \/>\n4. Unternehmer i. S. d. Gesch\u00e4ftsbedingungen sind nat\u00fcrliche<br \/>\noder juristische Personen oder rechtsf\u00e4hige<br \/>\nPersonengesellschaften, mit denen in Gesch\u00e4ftsbeziehungen<br \/>\ngetreten wird, die in Aus\u00fcbung einer gewerblichen oder<br \/>\nselbstst\u00e4ndigen T\u00e4tigkeit handeln.<br \/>\n5. Kunden i. S. d. Gesch\u00e4ftsbedingungen sind sowohl<br \/>\nVerbraucher als auch Unternehmer.<br \/>\n\u00a7 2 Angebot, Antragserstellung, Kostenvoranschlag<br \/>\n1. Unser Angebot ist bis zur Zuschlagserteilung durch uns<br \/>\nfreibleibend und unverbindlich, d. h., das Angebot wird erst<br \/>\ndurch die Bestellung des Kunden abgegeben. Angaben in den<br \/>\nAngeboten und Preislisten \u00fcber Abmessungen und Gewichte<br \/>\nsind ann\u00e4hernd und ungef\u00e4hr. Sie sind von uns verbindlich und<br \/>\nanerkannt, sobald im Auftragsfall mit der Auftragsbest\u00e4tigung<br \/>\ndiese Angaben schriftlich best\u00e4tigt werden.<br \/>\n2. Mit der Erteilung des Auftrages erkl\u00e4rt der Kunde verbindlich,<br \/>\nden Auftrag erteilen zu wollen. Wir k\u00f6nnen diesen dann<br \/>\ninnerhalb von 2 Wochen nach Eingang annehmen. Die<br \/>\nAnnahme kann entweder schriftlich durch Durchf\u00fchrung des<br \/>\nAuftrages oder durch Auslieferung der Ware an den Kunden<br \/>\nerkl\u00e4rt werden.<br \/>\n3. Bestellt ein Verbraucher die Ware auf elektronischem Wege,<br \/>\nwerden wir den Zugang der Bestellung unverz\u00fcglich best\u00e4tigen.<br \/>\nDie Zugangsbest\u00e4tigung stellt hierbei noch keine verbindliche<br \/>\nAnnahme der Bestellung dar. Die Zugangsbest\u00e4tigung kann mit<br \/>\nder Annahmeerkl\u00e4rung verbunden werden.<br \/>\n4. Sofern der Kunde die Ware auf elektronischem Wege bestellt,<br \/>\nwird der Vertragstext von uns gespeichert und dem Kunden auf<br \/>\nVerlangen nebst den vorliegenden AGB per E-Mail zugesandt.<br \/>\n5. W\u00fcnscht der Kunde eine verbindliche Preisangabe, so bedarf<br \/>\nes eines schriftlichen Kostenvoranschlages. Wir sind an dem<br \/>\nKostenvoranschlag f\u00fcr die Dauer von vier Wochen nach<br \/>\nAbgabe gebunden. Kostenvoranschl\u00e4ge sind kostenpflichtig, sobald ein kalkulierter<br \/>\nAuftragswert von 10.000,00 Euro \u00fcberschritten wird, wenn der Auftrag sp\u00e4ter nicht erteilt wird.<br \/>\nHierbei behalten wir uns vor den tats\u00e4chlich ben\u00f6tigten Zeitwert f\u00fcr die Erstellung<br \/>\nin Rechnung zu stellen.<br \/>\n\u00a7 3 Preise, Versand<br \/>\n1. Unsere Preise verstehen sich in EURO, \u201eab Werk\u201c,<br \/>\nausschlie\u00dflich Verpackung und Transport, zzgl. der jeweils<br \/>\ng\u00fcltigen Mehrwertsteuer. Der Abzug von Skonto bedarf<br \/>\nbesonderer schriftlicher Vereinbarung. Verpackungen<br \/>\nberechnen wir zu Selbstkosten.<br \/>\nDer Mindestauftragswert betr\u00e4gt 15,00 Euro.<br \/>\n2. Bei einem g\u00fcltigen Auftrag und einer Mindermenge von f\u00fcnf<br \/>\nTeilen wird ein Mindermengenzuschlag von 15\u20ac berechnet.<br \/>\n3.Ist die zu bearbeitende Ware l\u00e4nger als Zwei Meter, bei weniger als<br \/>\n5 Teilen, wird ein \u00dcberl\u00e4ngenzuschlag von 20\u20ac f\u00e4llig.<br \/>\n4.Bei einer Bauteilabmessung bei gr\u00f6\u00dferen Grundma\u00dfen<br \/>\nvon 2x2x2 Meter werden die Kosten anteilig zum Auftragswert angepasst.<br \/>\n5. Wird innerhalb eines Auftrages ein Farbwechsel vorgenommen,<br \/>\nbehalten wir uns vor, eine Pauschale von 15 \u20ac f\u00fcr einen<br \/>\nFarbwechsel zu berechnen.<br \/>\n6. Sollten L\u00f6cher oder andere Aufh\u00e4ngem\u00f6glichkeiten durch uns geschaffen werden m\u00fcssen,<br \/>\nberechnen wir hierf\u00fcr pro Loch \/ Aufh\u00e4ngung 0,61 Euro.<br \/>\n7. Bei einem vereinbarten Versendungskauf sind s\u00e4mtliche mit der<br \/>\nVersendung bis zum vereinbarten Bestimmungsort anfallenden<br \/>\nKosten vom K\u00e4ufer zu tragen.<br \/>\n8. Bei der Verpackung der Ware f\u00e4llt eine Verpackungspauschale pro<br \/>\nverpackter Einheit von 4,15\u20ac an. Bei Auftr\u00e4gen gr\u00f6\u00dfer 75,00 Euro veranschlagen wir hierbei 6 % des Netto Auftragswert.<br \/>\n9. Die Gefahren des Transports tr\u00e4gt der Kunde. Die Ware wird<br \/>\nvon uns gegen Transportgefahren nur bei entsprechender<br \/>\nVereinbarung versichert. Das Be- und Entladen ist Sache des<br \/>\nKunden, auch bei Selbstabholung durch uns. Soweit unsere<br \/>\nMitarbeiter hierbei behilflich sind, handeln sie als<br \/>\nErf\u00fcllungsgehilfe des Kunden auf dessen Risiko.<br \/>\n10. Wird die Ware auf einer Europapalette transportiert, welche die Firma Woltec Mersmann<br \/>\nOberfl\u00e4chentechnik GmbH stellt,<br \/>\nf\u00e4llt ein Pfandbetrag von 25 \u20ac an.<br \/>\n11. Sandstrahlarbeiten in jeder Form berechnen wir nach tats\u00e4chlich ben\u00f6tigten Zeitaufwand der notwendig ist, um das gew\u00fcnschte Ergebnis zu erzielen. Der Zeitwert liegt hierbei bei 135 Euro zzgl. Mehrwertsteuer f\u00fcr eine abgeleistete Betriebsstunde.<br \/>\n12. Festpreise bed\u00fcrfen schriftlicher Form und m\u00fcssen vom Auftraggeber sowie einem Zeichnungsberechtigten der Firma Woltec Mersmann Oberfl\u00e4chentechnik GmbH unterzeichnet werden.<br \/>\n13. Grunds\u00e4tzliche Basis f\u00fcr die Preisgestaltung bei der Pulvertechnik stellt der Oberfl\u00e4cheninhalt der Bauteile da, wobei hier Grundpreise verankert sind. Eine Preisanpassung abh\u00e4ngig vom Rohstoffmarkt und ver\u00e4nderter Betriebskosten behalten wir uns jeder Zeit vor.<br \/>\n\u00a7 4 Liefer-\/ Leistungszeit, Gefahren\u00fcbergang, Haftung<br \/>\n1. Die von uns genannten Lieferfristen sind unverbindlich, sofern<br \/>\nnicht ausdr\u00fccklich schriftlich etwas anderes vereinbart wurde<br \/>\nund setzen voraus, dass der Kunde seinen Verpflichtungen<br \/>\nrechtzeitig und ordnungsgem\u00e4\u00df nachgekommen ist.<br \/>\n2. Liefer- und Leistungsverz\u00f6gerungen aufgrund h\u00f6herer Gewalt<br \/>\n(\/z.B. Krieg, Feuer, Streik, Betriebsst\u00f6rungen des Vorlieferanten<br \/>\noder bei uns, etc.) sowie unvorhersehbare, beh\u00f6rdliche<br \/>\nMa\u00dfnahmen berechtigen uns, die Lieferung bzw. Leistung um<br \/>\ndie Dauer der Behinderung zzgl. einer angemessenen<br \/>\nAnlaufzeit hinauszuschieben oder wegen des noch nicht<br \/>\nerf\u00fcllten Teils ganz oder teilweise vom Vertrag zur\u00fcckzutreten.<br \/>\nSolche Ereignisse begr\u00fcnden mangels Verschuldens keinen<br \/>\nVerzug. Das Recht der Erbringung von Teillieferungen wird uns<br \/>\nausdr\u00fccklich zugestanden.<br \/>\n3. Sofern die Behinderung l\u00e4nger als drei Monate dauert, ist unser<br \/>\nVertragspartner berechtigt, nach angemessener<br \/>\nFristverl\u00e4ngerung von weiteren drei Wochen, hinsichtlich des<br \/>\nnicht erf\u00fcllten Teils vom Vertrag zur\u00fcckzutreten. Die bereits bis<br \/>\ndahin erbrachten Teilleistungen sind zu verg\u00fcten.<br \/>\n4. Kommt der Kunde in Annahmeverzug oder verletzt er<br \/>\nschuldhaft sonstige Mitwirkungspflichten, so sind wir berechtigt,<br \/>\nden uns insoweit entstehenden Schaden, einschlie\u00dflich<br \/>\netwaiger Mehraufwendungen ersetzt zu verlangen.<br \/>\nWeitergehende Anspr\u00fcche bleiben vorbehalten.<br \/>\n5. Sofern die Voraussetzungen von Abs. 4 vorliegen, geht die<br \/>\nGefahr eines zuf\u00e4lligen Untergangs oder einer zuf\u00e4lligen<br \/>\nVerschlechterung der Kaufsache in dem Zeitpunkt auf den<br \/>\nKunden \u00fcber, in dem dieser in Annahme- oder Schuldnerverzug<br \/>\ngeraten ist.<br \/>\n6. Wir haften ferner, sofern der Lieferverzug auf einer von uns zu<br \/>\nvertretenden vors\u00e4tzlichen oder grob fahrl\u00e4ssigen<br \/>\nVertragsverletzung beruht; ein Verschulden unserer Vertreter<br \/>\noder Erf\u00fcllungsgehilfen ist uns zuzurechnen. Sofern der<br \/>\nLieferverzug nicht auf einer von uns zu vertretenden<br \/>\nvors\u00e4tzlichen Vertragsverletzung beruht, kann der Kunde<br \/>\nSchadenersatz nur im Rahmen unserer<br \/>\nHaftungsbeschr\u00e4nkungen (\u00a710) verlangen.<br \/>\n7. Wir haften auch, soweit der von uns zu vertretende<br \/>\nLieferverzug auf der schuldhaften Verletzung einer<br \/>\nwesentlichen Vertragspflicht beruht; in diesem Fall kann der<br \/>\nKunde Schadenersatz nur im Rahmen unserer<br \/>\nHaftungsbeschr\u00e4nkungen (\u00a710) verlangen.<br \/>\n\u00a7 5 Abnahmeverpflichtung<br \/>\nDer Kunde ist verpflichtet, das Werk abzunehmen. Die Abnahme<br \/>\nerfolgt mit der vorbehaltlosen \u00dcbergabe an den Kunden bzw. wenn<br \/>\nder Kunde nach \u00dcbergabe nicht unverz\u00fcglich schriftlich<br \/>\nwiderspricht.<br \/>\n\u00a7 6 Untergr\u00fcnde\/Mitwirkungspflicht des Kunden<br \/>\n1. Die Ware muss generell f\u00fcr die Beschichtung geeignet,<br \/>\naufh\u00e4ngbar und hitzefest bis 220 Grad Celsius sein.<br \/>\nVerformungen, die im Zusammenhang mit der<br \/>\nEinbrenntemperatur von 180 bis 220 Grad C stehen, k\u00f6nnen<br \/>\nwir nicht beeinflussen.<br \/>\n2. Der Kunde ist verpflichtet, verzinktes Material und\/oder<br \/>\nAluminium vorzuschleifen, wird dies durch die Firma Woltec Mersmann<br \/>\nOberfl\u00e4chentechnik GmbH durchgef\u00fchrt, behalten wir uns vor dieses in Rechnung zu stellen.<br \/>\n3. Der Kunde ist verpflichtet uns vor Abschluss des Vertrages<br \/>\ndavon zu unterrichten, wenn das beschichtete Material<br \/>\nzuk\u00fcnftig starken Umwelteinfl\u00fcssen (z.B. Einsatz<br \/>\nMeeresgebiete oder Industriegebiete) ausgesetzt wird. Bei<br \/>\nEinsatz der Bauteile im Seewasserbereich ist auch bei<br \/>\nAluminium ein gesonderter Korrosionsschutz erforderlich. Der<br \/>\nSeewasserbereich gilt bis zu einer Entfernung von ca. 90 km von<br \/>\nK\u00fcsten. Bitte informieren Sie uns dar\u00fcber.<br \/>\n4. Zunderschichten sind kein optimaler Untergrund und sind durch<br \/>\nden Kunden durch geeignete Ma\u00dfnahmen zu entfernen oder uns als Zusatzleistung<br \/>\nan zu zeigen.<br \/>\nEine Hinweispflicht unsererseits besteht nicht,<br \/>\nda der Beschichtungsbetrieb keine<br \/>\nM\u00f6glichkeit der Auswahl der bereitgestellten Materialien hat.<br \/>\n5. Der Kunde ist ferner verpflichtet, die von uns zu<br \/>\nbeschichtenden Kleinst- oder Mittelteile vorher auf Rost und<br \/>\nUnebenheiten zu untersuchen und uns dies vor<br \/>\nAuftragsdurchf\u00fchrung mitzuteilen.<br \/>\n6. Im Rahmen der Mitwirkungspflicht ist der Kunde<br \/>\nvorleistungspflichtig.<br \/>\n7. Frisch feuerverzinkte Stahlbauteile sollten vor intensiver<br \/>\nFeuchtigkeitseinwirkung und Kondensatbildung gesch\u00fctzt<br \/>\nwerden, da dies zur Wei\u00dfrostbildung f\u00fchrt und wir hierf\u00fcr keine<br \/>\nGew\u00e4hrleistung \u00fcbernehmen k\u00f6nnen. Den Anspruch an die<br \/>\nOptik der Feuerverzinkung hat der Kunde selber zu<br \/>\nentscheiden. Es wird keine zus\u00e4tzliche<br \/>\nKorrosionsschutzbeschichtung ohne ausdr\u00fcckliche schriftliche<br \/>\nVereinbarung auf verzinkte Materialien aufgebracht. Sollten erh\u00f6hte<br \/>\nKorrosionsschutzanforderungen erforderlich sein, ist dieses bei<br \/>\nder Angebotsanfrage sp\u00e4testens jedoch bei Auftragserteilung<br \/>\nschriftlich mitzuteilen.<br \/>\n\u00a7 7 Aufrechnung, Sicherheitsleistung<br \/>\nAufrechnungsrechte stehen dem Kunden nur dann zu, wenn seine<br \/>\nGegenanspr\u00fcche rechtskr\u00e4ftig festgestellt, unbestritten oder von<br \/>\nuns anerkannt sind. Au\u00dferdem ist er zur Aus\u00fcbung eines<br \/>\nZur\u00fcckbehaltungsrechtes insoweit befugt, als sein Gegenanspruch<br \/>\nauf dem gleichen Vertragsverh\u00e4ltnis beruht. Werden uns<br \/>\nUmst\u00e4nde bekannt, die die Kreditw\u00fcrdigkeit des Kunden in Frage<br \/>\nstellen, so sind wir berechtigt, die gesamte (Rest-) Schuld f\u00e4llig zu<br \/>\nstellen. In diesem Fall sind wir auch berechtigt, Vorauszahlungen<br \/>\noder Sicherheitsleistungen zu verlangen.<br \/>\n\u00a7 8 Gew\u00e4hrleistung<br \/>\n1. Unternehmer m\u00fcssen uns, sofern nicht \u00a7 377 HGB zur<br \/>\nAnwendung kommt, offensichtliche M\u00e4ngel innerhalb von 2<br \/>\nWochen ab Empfang des Werkes schriftlich anzeigen,<br \/>\nandernfalls ist die Geltendmachung der<br \/>\nGew\u00e4hrleistungsanspr\u00fcche ausgeschlossen. Bei Verbrauchern<br \/>\nbetr\u00e4gt die Frist 2 Wochen ab Kenntnis vom Mangel. Der<br \/>\nUnternehmer tr\u00e4gt die Beweislast f\u00fcr s\u00e4mtliche<br \/>\nAnspruchsvoraussetzungen, insbesondere f\u00fcr den Mangel<br \/>\nselbst, den Zeitpunkt der Feststellung des Mangels sowie die<br \/>\nRechtzeitigkeit der M\u00e4ngelanzeige.<br \/>\n2. Sofern der Kunde uns beauftragt, bei der Pulverbeschichtung<br \/>\nMetallicfarben (z.B. RAL 9007 oder DB T\u00f6ne) zu verwenden,<br \/>\n\u00fcbernehmen wir keine Gew\u00e4hr daf\u00fcr, wenn an der Oberfl\u00e4che<br \/>\nSchattierungen entstehen.<br \/>\n3. F\u00fcr die Beschichtung auf Edelstahl und Aluminium kann bei<br \/>\nAu\u00dfenwitterung und in Feuchtr\u00e4umen keine Gew\u00e4hrleistung<br \/>\n\u00fcbernommen werden, bei verzinkter Ware wird aufgrund des<br \/>\nvom Beschichter nicht beeinflussbaren Untergrundes die<br \/>\nGew\u00e4hrleistung abgelehnt.<br \/>\n4. Insbesondere Ausgasungen, Haftungsst\u00f6rungen und raue<br \/>\nOberfl\u00e4chen k\u00f6nnen nicht als Reklamation anerkannt werden.<br \/>\nF\u00fcr Oberfl\u00e4chenst\u00f6rungen durch Silikonmittel wird ebenfalls<br \/>\nkeine Haftung \u00fcbernommen.<br \/>\n5. Wir \u00fcbernehmen keine Haftung, sofern die Metalle starken<br \/>\nUmwelteinfl\u00fcssen (z.B. Einsatz im Meeresgebiet oder<br \/>\nIndustriegebiet) ausgesetzt werden, uns der Kunde hierauf vor<br \/>\nAuftragserteilung nicht hinweist und es sodann zu<br \/>\nKorrosionssch\u00e4den kommt, weil keine Grundierung<br \/>\nvorgenommen worden ist.<br \/>\n6. Bei s\u00e4mtlichen Auftr\u00e4gen, welche das Sandstrahlen in seinen<br \/>\nVerschiedenen Formen (Strahlg\u00fctern etc.) beinhalten, \u00fcbernehmen<br \/>\nwir keinerlei Haftung und Garantie f\u00fcr den Verbleib von R\u00fcckst\u00e4nden<br \/>\ndes Strahlguts. Der Kunde ist hier in der Pflicht eine gr\u00fcndliche Reinigung<br \/>\nselbst vor zu nehmen. F\u00fcr Verformungen von zu Strahlenden Bauteilen<br \/>\nsowie Oberfl\u00e4chenbesch\u00e4digungen k\u00f6nnen wir keine Haftung \u00fcbernehmen,<br \/>\nda eine Beurteilung von Vorsch\u00e4den und Materialbeschaffenheit oft erst nach<br \/>\nArbeitsabwicklung m\u00f6glich ist. Das Sch\u00fctzen von nicht zu bearbeitenden<br \/>\nFl\u00e4chen ist in erster Linie Sache des Kunden. Weiter sind wir nicht f\u00fcr entsprechende<br \/>\nSch\u00e4den haftbar zu machen, sollte die Arbeit durch uns durchgef\u00fchrt werden.<br \/>\n7. Garantien im Rechtssinne erh\u00e4lt der Kunde durch uns nicht.<br \/>\n8. Wir leisten f\u00fcr einen Mangel nach unserer Wahl zun\u00e4chst nur<br \/>\nNacherf\u00fcllung in Form einer Mangelbeseitigung.<br \/>\n9. Im Fall der Mangelbeseitigung sind wir verpflichtet, alle zum<br \/>\nZweck der Mangelbeseitigung erforderlichen Aufwendungen,<br \/>\ninsbesondere Transport-, Wege-, Arbeits- und Materialkosten<br \/>\nzu tragen, soweit sich diese nicht dadurch erh\u00f6hen, dass das<br \/>\nWerk nach einem anderen Ort als den Erf\u00fcllungsort gebracht<br \/>\nwurde. Maximal bis zur H\u00f6he des vereinbarten Werklohns.<br \/>\n10. Sofern wir die Beseitigung des Mangels und Nacherf\u00fcllung<br \/>\nwegen unverh\u00e4ltnism\u00e4\u00dfiger Kosten verweigern, die<br \/>\nNacherf\u00fcllung zweimal fehlschl\u00e4gt oder sie f\u00fcr uns unzumutbar<br \/>\nist, kann der Kunde nach seiner Wahl zur Herabsetzung der<br \/>\nVerg\u00fctung (Minderung) oder R\u00fcckg\u00e4ngigmachung des<br \/>\nVertrages (R\u00fccktritt) verlangen. Bei einer nur geringf\u00fcgigen<br \/>\nVertragswidrigkeit, insbesondere bei nur geringf\u00fcgigen<br \/>\nM\u00e4ngeln, steht dem Kunden jedoch kein R\u00fccktrittsrecht zu.<br \/>\nSchadensersatzanspr\u00fcche kann der Kunde nur nach den<br \/>\ngesetzlichen Bestimmungen im Rahmen der<br \/>\nHaftungsbeschr\u00e4nkungen gem. \u00a7 10 statt der Leistung<br \/>\nverlangen.<br \/>\n11. W\u00e4hlt der Kunde wegen eines Mangels nach<br \/>\ngescheiterter Nacherf\u00fcllung den R\u00fccktritt vom Vertrag, steht<br \/>\nihm kein Schadensersatzanspruch wegen des Mangels zu.<br \/>\n\u00a7 9 Verj\u00e4hrung<br \/>\n1. Rechte des Kunden wegen M\u00e4ngel verj\u00e4hren in einem Jahr ab<br \/>\nAbnahme des Werkes, ansonsten gilt die kurze Verj\u00e4hrungsfrist<br \/>\nnicht, wenn uns grobes Verschulden vorwerfbar ist sowie im<br \/>\nFalle von uns zurechenbaren K\u00f6rper- und Gesundheitssch\u00e4den<br \/>\noder bei Verlust des Lebens des Kunden.<br \/>\n2. Anspr\u00fcche auf Werklohn verj\u00e4hren in f\u00fcnf Jahren.<br \/>\n\u00a7 10 Haftungsbeschr\u00e4nkungen, pauschalierter Schadenersatz<br \/>\n1. Ist der Kunde Unternehmer sind Schadensersatzanspr\u00fcche<br \/>\nunabh\u00e4ngig von der Art der Pflichtverletzung einschlie\u00dflich aus<br \/>\nunerlaubter Handlung ausgeschlossen, sofern nicht<br \/>\nvors\u00e4tzliches oder grob fahrl\u00e4ssiges Handeln vorliegt.<br \/>\n2. Gegen\u00fcber Verbrauchern haften wir auch f\u00fcr leichte<br \/>\nFahrl\u00e4ssigkeit.<br \/>\n3. Verletzt der Kunde seine Mitwirkungspflichten (\u00a76) ist eine<br \/>\nHaftung ausgeschlossen, es sei denn der Kunde weist nach,<br \/>\ndass die Pflichtverletzung nicht urs\u00e4chlich f\u00fcr den eingetretenen<br \/>\nSchaden war.<br \/>\n4. In jedem Fall haften wir stets nur bis zur H\u00f6he des<br \/>\nvorhersehbaren, typischerweise eintretenden Schaden, auch<br \/>\nf\u00fcr Pflichtverletzungen unserer Vertreter oder<br \/>\nErf\u00fcllungsgehilfen. Anspr\u00fcche auf entgangenen Gewinn etc.<br \/>\nsowie auf sonstige mittelbare Folgesch\u00e4den k\u00f6nnen nicht<br \/>\nverlangt werden, es sei denn, ein von uns garantiertes<br \/>\nBeschaffenheitsmerkmal bezweckt gerade den Kunden gegen<br \/>\nsolche Sch\u00e4den abzusichern.<br \/>\n5. Die Haftungsbeschr\u00e4nkungen gelten nicht, soweit uns<br \/>\nvors\u00e4tzliche oder grob fahrl\u00e4ssige Vertragsverletzung<br \/>\nangelastet wird, sowie bei uns zurechenbaren K\u00f6rper- und<br \/>\nGesundheitssch\u00e4den oder bei uns zurechenbarem Verlust des<br \/>\nLebens des Kunden.<br \/>\n6. Die vorgehenden Haftungsbeschr\u00e4nkungen betreffen nicht<br \/>\nAnspr\u00fcche aus Produkthaftung.<br \/>\n7. Tritt der Kunde vom Vertrag zur\u00fcck, so sind wir berechtigt, 6%<br \/>\ndes Nettorechnungsbetrages zzgl. der jeweils g\u00fcltigen<br \/>\nUmsatzsteuer als pauschalierten Schadenersatz vom Kunden<br \/>\nzu verlangen, sofern wir keinen h\u00f6heren Schaden im Einzelfall<br \/>\nnachweisen; es sei denn, der Kunde weist nach, dass der<br \/>\nSchaden nicht entstanden ist oder der tats\u00e4chliche Schaden<br \/>\nniedriger als die Pauschale ist.<br \/>\n\u00a7 11 Schlussbestimmungen<br \/>\n1. Sofern der Kunde Kaufmann, juristische Person des<br \/>\n\u00f6ffentlichen Rechts oder \u00f6ffentlichen Sonderverm\u00f6gen ist, ist<br \/>\nunser Gesch\u00e4ftssitz ausschlie\u00dflich Gerichtsstand. Dasselbe gilt,<br \/>\nwenn der Kunde keinen allgemeinen Gerichtsstand hat oder der<br \/>\nWohnsitz oder gew\u00f6hnliche Aufenthalt im Zeitpunkt der<br \/>\nKlageerhebung nicht bekannt ist. Wir sind jedoch berechtigt,<br \/>\nden Kunden auch an seinem Wohnsitzgericht zu verklagen.<br \/>\n2. Es gilt das Recht der Bundesrepublik Deutschland; die Geltung<br \/>\ndes UN-Kaufrechts ist ausgeschlossen.<br \/>\n3. Sofern sich aus der Auftragsbest\u00e4tigung nichts anderes ergibt,<br \/>\nist unser Gesch\u00e4ftssitz Erf\u00fcllungsort.<br \/>\n4. Sollten einzelne Bestimmungen des Vertrags mit dem Kunden<br \/>\neinschlie\u00dflich dieser Allgemeinen Gesch\u00e4ftsbedingungen ganz<br \/>\noder teilweise unwirksam sein oder werden, so wird hierdurch<br \/>\ndie G\u00fcltigkeit der \u00fcbrigen Bestimmungen nicht ber\u00fchrt. Die<br \/>\nganz oder teilweise unwirksame Regelung soll durch eine<br \/>\nRegelung ersetzt werden, deren wirtschaftlicher Erfolg dem<br \/>\nunwirksamen m\u00f6glichst nahe kommt.<\/p>\n","protected":false},"excerpt":{"rendered":"<p>Allgemeine Gesch\u00e4ftsbedingungen der Woltec Mersmann Oberfl\u00e4chentechnik GmbH 06.01.2025 \u00a7 1 Allgemeines 1. Unsere Gesch\u00e4ftsbedingungen gelten f\u00fcr alle gegenw\u00e4rtigen und zuk\u00fcnftigen Gesch\u00e4ftsbeziehungen, auch wenn sie nicht nochmals ausdr\u00fccklich vereinbart worden sind. 2. Unsere Gesch\u00e4ftsbedingungen gelten ausschlie\u00dflich. Abweichungen von unseren Gesch\u00e4ftsbedingungen werden, selbst bei Kenntnis, nur dann Vertragsgegenstand, wenn diese abweichenden Gesch\u00e4ftsbedingungen schriftlich von uns anerkannt und &hellip; <\/p>\n<p class=\"link-more\"><a href=\"http:\/\/woltec.eu\/?page_id=102\" class=\"more-link\"><span class=\"screen-reader-text\">\u201eAllgemeine Gesch\u00e4ftsbedingungen\u201c<\/span> weiterlesen<\/a><\/p>\n","protected":false},"author":1,"featured_media":0,"parent":93,"menu_order":0,"comment_status":"closed","ping_status":"closed","template":"","meta":{"footnotes":""},"class_list":["post-102","page","type-page","status-publish","hentry"],"_links":{"self":[{"href":"http:\/\/woltec.eu\/index.php?rest_route=\/wp\/v2\/pages\/102","targetHints":{"allow":["GET"]}}],"collection":[{"href":"http:\/\/woltec.eu\/index.php?rest_route=\/wp\/v2\/pages"}],"about":[{"href":"http:\/\/woltec.eu\/index.php?rest_route=\/wp\/v2\/types\/page"}],"author":[{"embeddable":true,"href":"http:\/\/woltec.eu\/index.php?rest_route=\/wp\/v2\/users\/1"}],"replies":[{"embeddable":true,"href":"http:\/\/woltec.eu\/index.php?rest_route=%2Fwp%2Fv2%2Fcomments&post=102"}],"version-history":[{"count":7,"href":"http:\/\/woltec.eu\/index.php?rest_route=\/wp\/v2\/pages\/102\/revisions"}],"predecessor-version":[{"id":159,"href":"http:\/\/woltec.eu\/index.php?rest_route=\/wp\/v2\/pages\/102\/revisions\/159"}],"up":[{"embeddable":true,"href":"http:\/\/woltec.eu\/index.php?rest_route=\/wp\/v2\/pages\/93"}],"wp:attachment":[{"href":"http:\/\/woltec.eu\/index.php?rest_route=%2Fwp%2Fv2%2Fmedia&parent=102"}],"curies":[{"name":"wp","href":"https:\/\/api.w.org\/{rel}","templated":true}]}}