{"id":32,"date":"2016-12-28T21:32:48","date_gmt":"2016-12-28T21:32:48","guid":{"rendered":"http:\/\/woltec.eu\/?page_id=32"},"modified":"2018-05-24T18:59:13","modified_gmt":"2018-05-24T17:59:13","slug":"impressum","status":"publish","type":"page","link":"http:\/\/woltec.eu\/?page_id=32","title":{"rendered":"Impressum"},"content":{"rendered":"<p>Kahlandwiesen 1<\/p>\n<p>38442 Wolfsburg<\/p>\n<p>Tel: 053625022643<\/p>\n<p>Mail: Info@woltec.eu<\/p>\n<p>Gesch\u00e4ftsf\u00fchrer: Martin Mersmann<\/p>\n<p>Ust.-IdNr. DE305703806<\/p>\n<p>Amtsgericht Braunschweig<\/p>\n<p>HRB 205843<\/p>\n<p>&nbsp;<\/p>\n<p>&nbsp;<\/p>\n<blockquote class=\"wp-embedded-content\" data-secret=\"DYJA8lvwyY\"><p><a href=\"http:\/\/woltec.eu\/?page_id=102\">Allgemeine Gesch\u00e4ftsbedingungen<\/a><\/p><\/blockquote>\n<p><iframe loading=\"lazy\" class=\"wp-embedded-content\" sandbox=\"allow-scripts\" security=\"restricted\" style=\"position: absolute; visibility: hidden;\" title=\"&#8222;Allgemeine Gesch\u00e4ftsbedingungen&#8220; &#8212; Mersmann Oberfl\u00e4chentechnik \" src=\"http:\/\/woltec.eu\/?page_id=102&#038;embed=true#?secret=hN4QXcCVhx#?secret=DYJA8lvwyY\" data-secret=\"DYJA8lvwyY\" width=\"525\" height=\"296\" frameborder=\"0\" marginwidth=\"0\" marginheight=\"0\" scrolling=\"no\"><\/iframe><\/p>\n","protected":false},"excerpt":{"rendered":"<p>Kahlandwiesen 1 38442 Wolfsburg Tel: 053625022643 Mail: Info@woltec.eu Gesch\u00e4ftsf\u00fchrer: Martin Mersmann Ust.-IdNr. DE305703806 Amtsgericht Braunschweig HRB 205843 &nbsp; &nbsp; Allgemeine Gesch\u00e4ftsbedingungen<\/p>\n","protected":false},"author":1,"featured_media":0,"parent":13,"menu_order":3,"comment_status":"closed","ping_status":"closed","template":"","meta":{"footnotes":""},"class_list":["post-32","page","type-page","status-publish","hentry"],"_links":{"self":[{"href":"http:\/\/woltec.eu\/index.php?rest_route=\/wp\/v2\/pages\/32","targetHints":{"allow":["GET"]}}],"collection":[{"href":"http:\/\/woltec.eu\/index.php?rest_route=\/wp\/v2\/pages"}],"about":[{"href":"http:\/\/woltec.eu\/index.php?rest_route=\/wp\/v2\/types\/page"}],"author":[{"embeddable":true,"href":"http:\/\/woltec.eu\/index.php?rest_route=\/wp\/v2\/users\/1"}],"replies":[{"embeddable":true,"href":"http:\/\/woltec.eu\/index.php?rest_route=%2Fwp%2Fv2%2Fcomments&post=32"}],"version-history":[{"count":4,"href":"http:\/\/woltec.eu\/index.php?rest_route=\/wp\/v2\/pages\/32\/revisions"}],"predecessor-version":[{"id":110,"href":"http:\/\/woltec.eu\/index.php?rest_route=\/wp\/v2\/pages\/32\/revisions\/110"}],"up":[{"embeddable":true,"href":"http:\/\/woltec.eu\/index.php?rest_route=\/wp\/v2\/pages\/13"}],"wp:attachment":[{"href":"http:\/\/woltec.eu\/index.php?rest_route=%2Fwp%2Fv2%2Fmedia&parent=32"}],"curies":[{"name":"wp","href":"https:\/\/api.w.org\/{rel}","templated":true}]}}