{"id":63,"date":"2017-01-03T07:49:31","date_gmt":"2017-01-03T07:49:31","guid":{"rendered":"http:\/\/woltec.eu\/?page_id=63"},"modified":"2020-09-03T14:33:08","modified_gmt":"2020-09-03T13:33:08","slug":"services","status":"publish","type":"page","link":"http:\/\/woltec.eu\/?page_id=63","title":{"rendered":"Services"},"content":{"rendered":"<p><em>Eine \u00dcbersicht unserer Leistungen<\/em>.<\/p>\n<p>Ob Prototyping, Kleinserie oder Einzelauftrag<\/p>\n<p>&#8211; Gesch\u00e4fts oder Privatkunde-<\/p>\n<p>Bei uns sind Sie genau richtig!<\/p>\n<p>Wir k\u00f6nnen Bauteile bis zu 7000x2500x2000mm (LxHXB) bearbeiten.\u00a0 (Sonderma\u00dfe auf Anfrage)<\/p>\n<hr \/>\n<p><strong>Pulverbeschichtung:\u00a0 <\/strong><\/p>\n<p>Bei uns\u00a0finden Sie\u00a0die passende Beschichtung\u00a0f\u00fcr Ihre h\u00f6chsten\u00a0Qualit\u00e4tsanspr\u00fcche. Und das Beste, grunds\u00e4tzlich mit rostpassivierender Grundierung zur verbesserten Haftvermittlung und Korrosionsbest\u00e4ndigkeit!<\/p>\n<p>Alle RAL \/ DB Farbt\u00f6ne sind bei uns dauerhaft Lagerware.<\/p>\n<p>Auch vor Sonderfarbgebungen oder speziellen W\u00fcnschen schrecken wir nicht zur\u00fcck. Sprechen Sie uns an!<\/p>\n<p><strong>Sandstrahlen:<\/strong><\/p>\n<p>Nicht nur die groben Arbeiten geh\u00f6ren zu unserem Alltag.\u00a0 Wir strahlen alles, von der Fahrzeugkarosse bis zum Kleinteil, ob mit standard Strahlmittel oder bei empfindlichen Oberfl\u00e4chen mit Glasperlen&#8230; hier ist Ihr Anspruch auch unserer!<\/p>\n<p><strong>Zusatzleistungen:<\/strong><\/p>\n<p>Durch kompetente Partner und langj\u00e4hrige Erfahrung bieten wir Ihnen auch in den Bereichen Verzinkung, Folierung, Druck und Gravur eine Anlaufstelle f\u00fcr das optimale Gesamtergebnis.<\/p>\n<p><strong>Lieferung:<\/strong><\/p>\n<p>Ihnen fehlt die n\u00f6tige Zeit oder die M\u00f6glichkeiten Ihr Material zu bringen und \/ oder abzuholen!? Kein Problem! Einfach anfragen und ganz bequem liefern lassen!<\/p>\n<p><strong>Fordern Sie Ihr kostenloses Angebot jetzt an!<\/strong><\/p>\n<p>Einfach eine Mail an <a href=\"mailto:info@woltec.eu\">info@woltec.eu<\/a>\u00a0mit Ihrem Anliegen sowie einer \u00a0Bauteilbeschreibung und Sie erhalten innerhalb k\u00fcrzester Zeit Ihr ma\u00dfgeschneidertes Angebot!<\/p>\n<p><iframe loading=\"lazy\" title=\"Woltec Innenansicht\" width=\"525\" height=\"295\" src=\"https:\/\/www.youtube.com\/embed\/8VUoKErhA5c?feature=oembed\" frameborder=\"0\" allow=\"accelerometer; autoplay; clipboard-write; encrypted-media; gyroscope; picture-in-picture; web-share\" referrerpolicy=\"strict-origin-when-cross-origin\" allowfullscreen><\/iframe><\/p>\n","protected":false},"excerpt":{"rendered":"<p>Eine \u00dcbersicht unserer Leistungen. Ob Prototyping, Kleinserie oder Einzelauftrag &#8211; Gesch\u00e4fts oder Privatkunde- Bei uns sind Sie genau richtig! Wir k\u00f6nnen Bauteile bis zu 7000x2500x2000mm (LxHXB) bearbeiten.\u00a0 (Sonderma\u00dfe auf Anfrage) Pulverbeschichtung:\u00a0 Bei uns\u00a0finden Sie\u00a0die passende Beschichtung\u00a0f\u00fcr Ihre h\u00f6chsten\u00a0Qualit\u00e4tsanspr\u00fcche. Und das Beste, grunds\u00e4tzlich mit rostpassivierender Grundierung zur verbesserten Haftvermittlung und Korrosionsbest\u00e4ndigkeit! Alle RAL \/ DB Farbt\u00f6ne &hellip; <\/p>\n<p class=\"link-more\"><a href=\"http:\/\/woltec.eu\/?page_id=63\" class=\"more-link\"><span class=\"screen-reader-text\">\u201eServices\u201c<\/span> weiterlesen<\/a><\/p>\n","protected":false},"author":1,"featured_media":0,"parent":0,"menu_order":0,"comment_status":"closed","ping_status":"closed","template":"","meta":{"footnotes":""},"class_list":["post-63","page","type-page","status-publish","hentry"],"_links":{"self":[{"href":"http:\/\/woltec.eu\/index.php?rest_route=\/wp\/v2\/pages\/63","targetHints":{"allow":["GET"]}}],"collection":[{"href":"http:\/\/woltec.eu\/index.php?rest_route=\/wp\/v2\/pages"}],"about":[{"href":"http:\/\/woltec.eu\/index.php?rest_route=\/wp\/v2\/types\/page"}],"author":[{"embeddable":true,"href":"http:\/\/woltec.eu\/index.php?rest_route=\/wp\/v2\/users\/1"}],"replies":[{"embeddable":true,"href":"http:\/\/woltec.eu\/index.php?rest_route=%2Fwp%2Fv2%2Fcomments&post=63"}],"version-history":[{"count":8,"href":"http:\/\/woltec.eu\/index.php?rest_route=\/wp\/v2\/pages\/63\/revisions"}],"predecessor-version":[{"id":135,"href":"http:\/\/woltec.eu\/index.php?rest_route=\/wp\/v2\/pages\/63\/revisions\/135"}],"wp:attachment":[{"href":"http:\/\/woltec.eu\/index.php?rest_route=%2Fwp%2Fv2%2Fmedia&parent=63"}],"curies":[{"name":"wp","href":"https:\/\/api.w.org\/{rel}","templated":true}]}}